{"id":98,"date":"2022-10-13T09:30:38","date_gmt":"2022-10-13T15:30:38","guid":{"rendered":"https:\/\/pxdev3.com\/searchlatam\/?page_id=98"},"modified":"2025-08-25T16:50:20","modified_gmt":"2025-08-25T22:50:20","slug":"guias-y-recursos","status":"publish","type":"page","link":"https:\/\/www.searchlatam.com\/en\/guias-y-recursos\/","title":{"rendered":"Guides &amp; Resources"},"content":{"rendered":"<div data-elementor-type=\"wp-page\" data-elementor-id=\"98\" class=\"elementor elementor-98\">\n\t\t\t\t\t\t\t\t\t<section class=\"elementor-section elementor-top-section elementor-element elementor-element-573bb98 elementor-section-boxed elementor-section-height-default elementor-section-height-default\" data-id=\"573bb98\" data-element_type=\"section\">\n\t\t\t\t\t\t<div class=\"elementor-container elementor-column-gap-default\">\n\t\t\t\t\t<div class=\"elementor-column elementor-col-100 elementor-top-column elementor-element elementor-element-9885959\" data-id=\"9885959\" data-element_type=\"column\">\n\t\t\t<div class=\"elementor-widget-wrap elementor-element-populated\">\n\t\t\t\t\t\t\t\t<div class=\"elementor-element elementor-element-13817db elementor-widget elementor-widget-spacer\" data-id=\"13817db\" data-element_type=\"widget\" data-widget_type=\"spacer.default\">\n\t\t\t\t<div class=\"elementor-widget-container\">\n\t\t\t<style>\/*! elementor - v3.13.0 - 08-05-2023 *\/\n.elementor-column .elementor-spacer-inner{height:var(--spacer-size)}.e-con{--container-widget-width:100%}.e-con-inner>.elementor-widget-spacer,.e-con>.elementor-widget-spacer{width:var(--container-widget-width,var(--spacer-size));--align-self:var(--container-widget-align-self,initial);--flex-shrink:0}.e-con-inner>.elementor-widget-spacer>.elementor-widget-container,.e-con-inner>.elementor-widget-spacer>.elementor-widget-container>.elementor-spacer,.e-con>.elementor-widget-spacer>.elementor-widget-container,.e-con>.elementor-widget-spacer>.elementor-widget-container>.elementor-spacer{height:100%}.e-con-inner>.elementor-widget-spacer>.elementor-widget-container>.elementor-spacer>.elementor-spacer-inner,.e-con>.elementor-widget-spacer>.elementor-widget-container>.elementor-spacer>.elementor-spacer-inner{height:var(--container-widget-height,var(--spacer-size))}<\/style>\t\t<div class=\"elementor-spacer\">\n\t\t\t<div class=\"elementor-spacer-inner\"><\/div>\n\t\t<\/div>\n\t\t\t\t<\/div>\n\t\t\t\t<\/div>\n\t\t\t\t<div class=\"elementor-element elementor-element-e528230 elementor-widget elementor-widget-heading\" data-id=\"e528230\" data-element_type=\"widget\" data-widget_type=\"heading.default\">\n\t\t\t\t<div class=\"elementor-widget-container\">\n\t\t\t<style>\/*! elementor - v3.13.0 - 08-05-2023 *\/\n.elementor-heading-title{padding:0;margin:0;line-height:1}.elementor-widget-heading .elementor-heading-title[class*=elementor-size-]>a{color:inherit;font-size:inherit;line-height:inherit}.elementor-widget-heading .elementor-heading-title.elementor-size-small{font-size:15px}.elementor-widget-heading .elementor-heading-title.elementor-size-medium{font-size:19px}.elementor-widget-heading .elementor-heading-title.elementor-size-large{font-size:29px}.elementor-widget-heading .elementor-heading-title.elementor-size-xl{font-size:39px}.elementor-widget-heading .elementor-heading-title.elementor-size-xxl{font-size:59px}<\/style><h2 class=\"elementor-heading-title elementor-size-default\">Guides &amp; Resources<\/h2>\t\t<\/div>\n\t\t\t\t<\/div>\n\t\t\t\t<div class=\"elementor-element elementor-element-9c6b596 elementor-widget elementor-widget-spacer\" data-id=\"9c6b596\" data-element_type=\"widget\" data-widget_type=\"spacer.default\">\n\t\t\t\t<div class=\"elementor-widget-container\">\n\t\t\t\t\t<div class=\"elementor-spacer\">\n\t\t\t<div class=\"elementor-spacer-inner\"><\/div>\n\t\t<\/div>\n\t\t\t\t<\/div>\n\t\t\t\t<\/div>\n\t\t\t\t<div class=\"elementor-element elementor-element-1b2f058 elementor-widget elementor-widget-ucaddon_ue_buttons_post_filter\" data-id=\"1b2f058\" data-element_type=\"widget\" data-widget_type=\"ucaddon_ue_buttons_post_filter.default\">\n\t\t\t\t<div class=\"elementor-widget-container\">\n\t\t\t<!-- start Tabs Filter -->\n\t\t<link id='font-awesome-css' href='https:\/\/www.searchlatam.com\/wp-content\/plugins\/unlimited-elements-for-elementor-premium\/assets_libraries\/font-awesome5\/css\/fontawesome-all.min.css' type='text\/css' rel='stylesheet' >\n\t\t<link id='font-awesome-4-shim-css' href='https:\/\/www.searchlatam.com\/wp-content\/plugins\/unlimited-elements-for-elementor-premium\/assets_libraries\/font-awesome5\/css\/fontawesome-v4-shims.css' type='text\/css' rel='stylesheet' >\n\n\t\t\t<style type=\"text\/css\">\/* widget: Tabs Filter *\/\n\n#uc_ue_buttons_post_filter_elementor_1b2f058.uc-filter-initing{\n    opacity:0.8;\n    cursor:default;\n}\n\n#uc_ue_buttons_post_filter_elementor_1b2f058 .ue-debug-meta\n{\n  font-size:10px;\n  border:1px solid red;\n  padding:10px;\n}\n\n#uc_ue_buttons_post_filter_elementor_1b2f058 .ue_taxonomy_image img\n{\n  display:block;\n}\n\n#uc_ue_buttons_post_filter_elementor_1b2f058.ue_taxonomy\n{\n  flex-wrap: wrap;\n}\n\n#uc_ue_buttons_post_filter_elementor_1b2f058 a.ue_taxonomy_item\n{\n  display:block;\n}\n\n#uc_ue_buttons_post_filter_elementor_1b2f058.uc-filter-initing a{\n   cursor:default;\n   background-color:lightgray !important;\n}\n\n#uc_ue_buttons_post_filter_elementor_1b2f058.uc-filter-initing .ue_taxonomy_item_content{\n\tvisibility:hidden;\n}\n\n\n#uc_ue_buttons_post_filter_elementor_1b2f058.uc-filter-hidden,\n#uc_ue_buttons_post_filter_elementor_1b2f058.uc-filter-initing.uc-initing-filter-hidden{\n  display:none !important;\n}\n\n\n#uc_ue_buttons_post_filter_elementor_1b2f058 .ue_taxonomy_item_content\n{\n  display:flex;\n  align-items:center;\n}\n\n#uc_ue_buttons_post_filter_elementor_1b2f058 .ue_taxonomy_item_icon\n{\n  flex-grow:0;\n  flex-shrink:0;\n}\n\n#uc_ue_buttons_post_filter_elementor_1b2f058 .ue_taxonomy_item_icon_spacer\n{\n  flex-grow:0;\n  flex-shrink:0;\n}\n\n#uc_ue_buttons_post_filter_elementor_1b2f058 .ue_taxonomy_item_num_posts\n{\n  flex-grow:0;\n  flex-shrink:0;\n}\n\n#uc_ue_buttons_post_filter_elementor_1b2f058 .ue_taxonomy_item_title\n{\n  flex-grow:1;\n}\n\n\n#uc_ue_buttons_post_filter_elementor_1b2f058 .ue_taxonomy_item_num_posts_spacer\n{\n  flex-grow:0;\n  flex-shrink:0;\n}\n\n#uc_ue_buttons_post_filter_elementor_1b2f058 .uc-hide-loading-item{\n\tdisplay:none !important;\n}\n\n\n#uc_ue_buttons_post_filter_elementor_1b2f058-toggle\n{\n  display:none;\n}\n\n#uc_ue_buttons_post_filter_elementor_1b2f058-toggle .#uc_ue_buttons_post_filter_elementor_1b2f058-toggle\n{\n  display:none;\n}\n\n#uc_ue_buttons_post_filter_elementor_1b2f058-toggle .ue_taxonomy_toggle_icon\n{\n  display:inline-flex;\n  align-items:center;\n  justify-content:center;\n  line-height:1em;\n  cursor:pointer;\n}\n\n#uc_ue_buttons_post_filter_elementor_1b2f058-toggle .ue_taxonomy_toggle_icon svg\n{\n  height:1em;\n  width:1em;\n}\n\n\n#uc_ue_buttons_post_filter_elementor_1b2f058-toggle .ue_taxonomy_toggle_icon_close\n{\n  display:none;\n}\n\n  #uc_ue_buttons_post_filter_elementor_1b2f058 .uc-item-all .ue_taxonomy_item_num_posts_spacer,\n  #uc_ue_buttons_post_filter_elementor_1b2f058 .uc-item-all .ue_taxonomy_item_num_posts{\n\t \tdisplay:none !important;\n  }\n\n\n\n\n<\/style>\n\n\t\t\t\n<div class=\"ue_taxonomy_toggle\" id=\"uc_ue_buttons_post_filter_elementor_1b2f058-toggle\">\n  <div class=\"ue_taxonomy_toggle_icon\">\n    <div class=\"ue_taxonomy_toggle_icon_open\"><i class='fas fa-bars'><\/i><\/div>\n    <div class=\"ue_taxonomy_toggle_icon_close\"><i class='fas fa-times'><\/i><\/div>\n  <\/div>\n<\/div>\n\n\n<div id=\"uc_ue_buttons_post_filter_elementor_1b2f058-container\">\n  \n<div id=\"uc_ue_buttons_post_filter_elementor_1b2f058\" class=\"ue_taxonomy  uc-grid-filter\" data-isfilter=\"\" data-filtertype=\"terms_list\"  style=\"\">\n    \n    \n      \n  \t<a href=\"javascript:void(0)\" class=\"ue_taxonomy_item\" data-id=\"16\" data-slug=\"informes-de-gestion\" data-taxonomy=\"categoria\" >\n    \n          \n      \n    <div class=\"ue_taxonomy_item_content\">\n            <span  class=\"ue_taxonomy_item_title\">Management reports<\/span>\n          <\/div>\n      \n            \n  <\/a>\n  \n  \n  \n  \n  \n      \n  \t<a href=\"javascript:void(0)\" class=\"ue_taxonomy_item\" data-id=\"17\" data-slug=\"recursos-para-candidatos\" data-taxonomy=\"categoria\" >\n    \n          \n      \n    <div class=\"ue_taxonomy_item_content\">\n            <span  class=\"ue_taxonomy_item_title\">Resources for Candidates<\/span>\n          <\/div>\n      \n            \n  <\/a>\n  \n  \n  \n  \n  \n      \n  \t<a href=\"javascript:void(0)\" class=\"ue_taxonomy_item\" data-id=\"18\" data-slug=\"recursos-para-empresas\" data-taxonomy=\"categoria\" >\n    \n          \n      \n    <div class=\"ue_taxonomy_item_content\">\n            <span  class=\"ue_taxonomy_item_title\">Resources for Companies<\/span>\n          <\/div>\n      \n            \n  <\/a>\n  \n  \n  \n  \n  \n    \n<\/div>\n\n  \n<\/div>\n\n\t\t\t<!-- end Tabs Filter -->\t\t<\/div>\n\t\t\t\t<\/div>\n\t\t\t\t<div class=\"elementor-element elementor-element-cf7f3aa card-guias-recursos elementor-widget elementor-widget-ucaddon_post_grid\" data-id=\"cf7f3aa\" data-element_type=\"widget\" data-widget_type=\"ucaddon_post_grid.default\">\n\t\t\t\t<div class=\"elementor-widget-container\">\n\t\t\t<!-- start Post Grid -->\n\n\t\t\t<style type=\"text\/css\">\/* widget: Post Grid *\/\n\n#uc_post_grid_elementor_cf7f3aa.ue-post-grid {\n   display:grid;\n}\n\n\n\n#uc_post_grid_elementor_cf7f3aa .ue-item\n{\n  overflow:hidden;\n  position:relative;\n}\n\n#uc_post_grid_elementor_cf7f3aa .uc_post_image\n{\n  transition:0.3s;\n  position:relative;\n  overflow:hidden;\n}\n\n#uc_post_grid_elementor_cf7f3aa .uc_post_image img\n{\n  width:100%;\n  display:block;\n  transition:0.3s;\n}\n\n\n\t\n\n\n\n\n\n\n#uc_post_grid_elementor_cf7f3aa .uc_post_image_overlay\n{\n  position:absolute;\n  top:0px;\n  left:0px;\n  height:100%;\n  width:100%;\n  transition:0.3s;\n}\n\n#uc_post_grid_elementor_cf7f3aa .uc_more_btn{\n\n  display:inline-block;\n  text-align:center;\n  text-decoration:none;\n  transition:0.3s;\n}\n\n.ue-grid-item-category a\n{\n  display:inline-block;\n  font-size:10px;\n  \n}\n\n.uc_post_title\n{\n  font-size:21px;\n}\n\n\n\n\n\t#uc_post_grid_elementor_cf7f3aa.ue-post-grid .uc_content{\n      position:absolute;\n      top:0px;\n      left:0px;\n      bottom:0px;\n      right:0px;\n      opacity:1;\n      transition:1s;\n      display:flex;\n      align-items:center;\n      flex-direction:column;\n      justify-content: center;\n    }\n\n\t#uc_post_grid_elementor_cf7f3aa .ue-item:hover .uc_content{\n      opacity:0.7;\n    }\n\n\n\n\n\n\n\n\n\n\n\n\n\n\n\n\n\n\n#uc_post_grid_elementor_cf7f3aa .ue-meta-data\n{\n  \n  display:flex;\n\n  flex-wrap: wrap;\n  line-height:1em;\n}\n\n#uc_post_grid_elementor_cf7f3aa .ue-grid-item-meta-data\n{\n      display:inline-flex;\n      align-items:center;\n}\n\n.ue-grid-item-meta-data\n{\n  font-size:12px;\n}\n\n#uc_post_grid_elementor_cf7f3aa .ue-grid-item-meta-data-icon\n{\n  line-height:1em;\n}\n\n#uc_post_grid_elementor_cf7f3aa .ue-grid-item-meta-data-icon svg\n{\n  width:1em;\n  height:1em;\n}\n\n#uc_post_grid_elementor_cf7f3aa .ue-debug-meta\n{\n  padding:10px;\n  border:1px solid red;\n  position:relative;\n  line-height:1.5em;\n  font-size:11px;\n  width:100%;\n}\n\n.uc-remote-parent .ue-item{\n\tcursor:pointer;\n}\n\n<\/style>\n\n\t\t\t<div class=\"ue-post-grid uc-items-wrapper  uc-filterable-grid\" id=\"uc_post_grid_elementor_cf7f3aa\"  data-ajax='true'  data-filterbehave='mixed_back'  querydata='{&quot;count_posts&quot;:1,&quot;total_posts&quot;:1,&quot;page&quot;:1,&quot;num_pages&quot;:1}' >\n\t\t\t<div class=\"ue-item\">\n  \n   <a class=\"ue-post-image-wrapper\" href=\"https:\/\/www.searchlatam.com\/en\/documentos\/elaboremos-juntos-un-cv-profesional\/\" target=\"_self\">\n   <div class=\"uc_post_image\">\n   <img decoding=\"async\" src=\"https:\/\/www.searchlatam.com\/wp-content\/uploads\/ac_assets\/uc_post_grid_style_one\/\/no-image.png\" >\n   <div class=\"uc_post_image_overlay\"><\/div>\n   <\/div>\n  <\/a>\n   \n <div class=\"uc_content\">\n    <div>\n      \n           \n    \n  \n      \n      \n    <div class=\"uc_post_title\"><a href=\"https:\/\/www.searchlatam.com\/en\/documentos\/elaboremos-juntos-un-cv-profesional\/\" target=\"_self\"><div>Let us build a professional resume together<\/div><\/a><\/div>\t\n    \n     \n     \n          <div class=\"ue-meta-data\">\n                        \n                        \n        \n\t\t\t\n\n\n\n\n\n\n\n\n\n\n\n\n            \n                        \n                        \n                        \n                        \n                        \n            \t\t\t\n              \n            \n          <\/div>\n     \n      \n      \n      \n     <div class=\"uc_post_text\">A resume must have a summary of your work experience, highlighting your skills, education, and achievements...<\/div>    <div class=\"uc_post_button\"><a class=\"uc_more_btn\" href=\"https:\/\/www.searchlatam.com\/en\/documentos\/elaboremos-juntos-un-cv-profesional\/\" target=\"_self\">Download<\/a><\/div> \t<\/div>\n  <\/div>\n<\/div>\n\n<\/div>\n\n\n\n  <div id=\"uc_post_grid_elementor_cf7f3aa_empty_message\" class=\"ue-no-posts-found\"  style=\"display:none\" >There are no resources in this category<\/div>\n\n\n\t\t\t<!-- end Post Grid -->\t\t<\/div>\n\t\t\t\t<\/div>\n\t\t\t\t<div class=\"elementor-element elementor-element-efccfbc elementor-widget elementor-widget-spacer\" data-id=\"efccfbc\" data-element_type=\"widget\" data-widget_type=\"spacer.default\">\n\t\t\t\t<div class=\"elementor-widget-container\">\n\t\t\t\t\t<div class=\"elementor-spacer\">\n\t\t\t<div class=\"elementor-spacer-inner\"><\/div>\n\t\t<\/div>\n\t\t\t\t<\/div>\n\t\t\t\t<\/div>\n\t\t\t\t\t<\/div>\n\t\t<\/div>\n\t\t\t\t\t\t\t<\/div>\n\t\t<\/section>\n\t\t\t\t\t\t\t<\/div>","protected":false},"excerpt":{"rendered":"<p>Gu\u00edas y recursos Informes de Gesti\u00f3n Recursos para Candidatos Recursos para Empresas Elaboremos juntos un CV Profesional Una hoja de vida tiene que tener s\u00edntesis de tu experiencia laboral, de tus competencias y destacar los&#8230; Descargar No hay recursos en esta categor\u00eda<\/p>","protected":false},"author":4,"featured_media":0,"parent":0,"menu_order":0,"comment_status":"closed","ping_status":"closed","template":"elementor_header_footer","meta":[],"acf":[],"_links":{"self":[{"href":"https:\/\/www.searchlatam.com\/en\/wp-json\/wp\/v2\/pages\/98"}],"collection":[{"href":"https:\/\/www.searchlatam.com\/en\/wp-json\/wp\/v2\/pages"}],"about":[{"href":"https:\/\/www.searchlatam.com\/en\/wp-json\/wp\/v2\/types\/page"}],"author":[{"embeddable":true,"href":"https:\/\/www.searchlatam.com\/en\/wp-json\/wp\/v2\/users\/4"}],"replies":[{"embeddable":true,"href":"https:\/\/www.searchlatam.com\/en\/wp-json\/wp\/v2\/comments?post=98"}],"version-history":[{"count":99,"href":"https:\/\/www.searchlatam.com\/en\/wp-json\/wp\/v2\/pages\/98\/revisions"}],"predecessor-version":[{"id":3692,"href":"https:\/\/www.searchlatam.com\/en\/wp-json\/wp\/v2\/pages\/98\/revisions\/3692"}],"wp:attachment":[{"href":"https:\/\/www.searchlatam.com\/en\/wp-json\/wp\/v2\/media?parent=98"}],"curies":[{"name":"wp","href":"https:\/\/api.w.org\/{rel}","templated":true}]}}